{"id":220,"date":"2020-04-09T17:20:16","date_gmt":"2020-04-09T17:20:16","guid":{"rendered":"https:\/\/veterinariabyf.com.ar\/petshop\/?post_type=product&#038;p=220"},"modified":"2025-07-31T21:40:19","modified_gmt":"2025-07-31T21:40:19","slug":"excellent-gato-urinary","status":"publish","type":"product","link":"https:\/\/veterinariabyf.com.ar\/petshop\/product\/excellent-gato-urinary\/","title":{"rendered":"Excellent Gato Urinary"},"content":{"rendered":"<p><strong>PURINA Excellent\u00a0Adulto Urinary Pollo y Arroz<\/strong>,\u00a0ofrece una nutrici\u00f3n especializada para los gatos con un sistema urinario sensible, formulada a base de prote\u00ednas de alta digestibilidad, para ayudar a mantener el tracto urinario saludable y colaborar en reducir la formaci\u00f3n de cristales en la orina.<\/p>\n","protected":false},"excerpt":{"rendered":"<p>PURINA Excellent\u00a0Adulto Urinary Pollo y Arroz,\u00a0ofrece una nutrici\u00f3n especializada para los gatos con un sistema urinario sensible, formulada a base de prote\u00ednas de alta digestibilidad, para ayudar a mantener el tracto urinario saludable y colaborar en reducir la formaci\u00f3n de cristales en la orina.<\/p>\n","protected":false},"featured_media":222,"comment_status":"open","ping_status":"closed","template":"","meta":{"_joinchat":[]},"product_brand":[],"product_cat":[44,28],"product_tag":[],"class_list":{"0":"post-220","1":"product","2":"type-product","3":"status-publish","4":"has-post-thumbnail","6":"product_cat-excellent-gatos","7":"product_cat-gatos","9":"first","10":"instock","11":"featured","12":"shipping-taxable","13":"product-type-variable"},"yoast_head":"<!-- This site is optimized with the Yoast SEO plugin v26.3 - https:\/\/yoast.com\/wordpress\/plugins\/seo\/ -->\n<title>Excellent Gato Urinary - Cl\u00ednica Veterinaria B&amp;F<\/title>\n<meta name=\"description\" content=\"Purina Excellent Gato Urinary ayuda a mantener el tracto urinario saludable y colaborar en reducir la formaci\u00f3n de cristales en la orina.\" \/>\n<meta name=\"robots\" content=\"index, follow, max-snippet:-1, max-image-preview:large, max-video-preview:-1\" \/>\n<link rel=\"canonical\" href=\"https:\/\/veterinariabyf.com.ar\/petshop\/product\/excellent-gato-urinary\/\" \/>\n<meta property=\"og:locale\" content=\"es_ES\" \/>\n<meta property=\"og:type\" content=\"article\" \/>\n<meta property=\"og:title\" content=\"Excellent Gato Urinary - Cl\u00ednica Veterinaria B&amp;F\" \/>\n<meta property=\"og:description\" content=\"Purina Excellent Gato Urinary ayuda a mantener el tracto urinario saludable y colaborar en reducir la formaci\u00f3n de cristales en la orina.\" \/>\n<meta property=\"og:url\" content=\"https:\/\/veterinariabyf.com.ar\/petshop\/product\/excellent-gato-urinary\/\" \/>\n<meta property=\"og:site_name\" content=\"Cl\u00ednica Veterinaria B&amp;F\" \/>\n<meta property=\"article:publisher\" content=\"https:\/\/www.facebook.com\/alicanpetshop\" \/>\n<meta property=\"article:modified_time\" content=\"2025-07-31T21:40:19+00:00\" \/>\n<meta property=\"og:image\" content=\"https:\/\/veterinariabyf.com.ar\/petshop\/wp-content\/uploads\/2020\/04\/Exellent-gato-urinary.jpg\" \/>\n\t<meta property=\"og:image:width\" content=\"760\" \/>\n\t<meta property=\"og:image:height\" content=\"760\" \/>\n\t<meta property=\"og:image:type\" content=\"image\/jpeg\" \/>\n<meta name=\"twitter:card\" content=\"summary_large_image\" \/>\n<meta name=\"twitter:label1\" content=\"Tiempo de lectura\" \/>\n\t<meta name=\"twitter:data1\" content=\"1 minuto\" \/>\n<script type=\"application\/ld+json\" class=\"yoast-schema-graph\">{\"@context\":\"https:\/\/schema.org\",\"@graph\":[{\"@type\":\"WebPage\",\"@id\":\"https:\/\/veterinariabyf.com.ar\/petshop\/product\/excellent-gato-urinary\/\",\"url\":\"https:\/\/veterinariabyf.com.ar\/petshop\/product\/excellent-gato-urinary\/\",\"name\":\"Excellent Gato Urinary - Cl\u00ednica Veterinaria B&amp;F\",\"isPartOf\":{\"@id\":\"https:\/\/veterinariabyf.com.ar\/petshop\/#website\"},\"primaryImageOfPage\":{\"@id\":\"https:\/\/veterinariabyf.com.ar\/petshop\/product\/excellent-gato-urinary\/#primaryimage\"},\"image\":{\"@id\":\"https:\/\/veterinariabyf.com.ar\/petshop\/product\/excellent-gato-urinary\/#primaryimage\"},\"thumbnailUrl\":\"https:\/\/veterinariabyf.com.ar\/petshop\/wp-content\/uploads\/2020\/04\/Exellent-gato-urinary.jpg\",\"datePublished\":\"2020-04-09T17:20:16+00:00\",\"dateModified\":\"2025-07-31T21:40:19+00:00\",\"description\":\"Purina Excellent Gato Urinary ayuda a mantener el tracto urinario saludable y colaborar en reducir la formaci\u00f3n de cristales en la orina.\",\"breadcrumb\":{\"@id\":\"https:\/\/veterinariabyf.com.ar\/petshop\/product\/excellent-gato-urinary\/#breadcrumb\"},\"inLanguage\":\"es\",\"potentialAction\":[{\"@type\":\"ReadAction\",\"target\":[\"https:\/\/veterinariabyf.com.ar\/petshop\/product\/excellent-gato-urinary\/\"]}]},{\"@type\":\"ImageObject\",\"inLanguage\":\"es\",\"@id\":\"https:\/\/veterinariabyf.com.ar\/petshop\/product\/excellent-gato-urinary\/#primaryimage\",\"url\":\"https:\/\/veterinariabyf.com.ar\/petshop\/wp-content\/uploads\/2020\/04\/Exellent-gato-urinary.jpg\",\"contentUrl\":\"https:\/\/veterinariabyf.com.ar\/petshop\/wp-content\/uploads\/2020\/04\/Exellent-gato-urinary.jpg\",\"width\":760,\"height\":760,\"caption\":\"Excellent Gato Urinary\"},{\"@type\":\"BreadcrumbList\",\"@id\":\"https:\/\/veterinariabyf.com.ar\/petshop\/product\/excellent-gato-urinary\/#breadcrumb\",\"itemListElement\":[{\"@type\":\"ListItem\",\"position\":1,\"name\":\"Portada\",\"item\":\"https:\/\/veterinariabyf.com.ar\/petshop\/\"},{\"@type\":\"ListItem\",\"position\":2,\"name\":\"TIENDA\",\"item\":\"https:\/\/veterinariabyf.com.ar\/petshop\/shop\/\"},{\"@type\":\"ListItem\",\"position\":3,\"name\":\"Excellent Gato Urinary\"}]},{\"@type\":\"WebSite\",\"@id\":\"https:\/\/veterinariabyf.com.ar\/petshop\/#website\",\"url\":\"https:\/\/veterinariabyf.com.ar\/petshop\/\",\"name\":\"Cl\u00ednica Veterinaria B&amp;F\",\"description\":\"Comprometidos con el bienestar de tu mascota\",\"publisher\":{\"@id\":\"https:\/\/veterinariabyf.com.ar\/petshop\/#organization\"},\"potentialAction\":[{\"@type\":\"SearchAction\",\"target\":{\"@type\":\"EntryPoint\",\"urlTemplate\":\"https:\/\/veterinariabyf.com.ar\/petshop\/?s={search_term_string}\"},\"query-input\":{\"@type\":\"PropertyValueSpecification\",\"valueRequired\":true,\"valueName\":\"search_term_string\"}}],\"inLanguage\":\"es\"},{\"@type\":\"Organization\",\"@id\":\"https:\/\/veterinariabyf.com.ar\/petshop\/#organization\",\"name\":\"Cl\u00ednica Veterinaria B&amp;F\",\"url\":\"https:\/\/veterinariabyf.com.ar\/petshop\/\",\"logo\":{\"@type\":\"ImageObject\",\"inLanguage\":\"es\",\"@id\":\"https:\/\/veterinariabyf.com.ar\/petshop\/#\/schema\/logo\/image\/\",\"url\":\"https:\/\/veterinariabyf.com.ar\/petshop\/wp-content\/uploads\/2021\/12\/cropped-LOGOPETSHOPchico.png\",\"contentUrl\":\"https:\/\/veterinariabyf.com.ar\/petshop\/wp-content\/uploads\/2021\/12\/cropped-LOGOPETSHOPchico.png\",\"width\":739,\"height\":306,\"caption\":\"Cl\u00ednica Veterinaria B&amp;F\"},\"image\":{\"@id\":\"https:\/\/veterinariabyf.com.ar\/petshop\/#\/schema\/logo\/image\/\"},\"sameAs\":[\"https:\/\/www.facebook.com\/alicanpetshop\",\"https:\/\/www.instagram.com\/petshop.alican\/\"]}]}<\/script>\n<!-- \/ Yoast SEO plugin. -->","yoast_head_json":{"title":"Excellent Gato Urinary - Cl\u00ednica Veterinaria B&amp;F","description":"Purina Excellent Gato Urinary ayuda a mantener el tracto urinario saludable y colaborar en reducir la formaci\u00f3n de cristales en la orina.","robots":{"index":"index","follow":"follow","max-snippet":"max-snippet:-1","max-image-preview":"max-image-preview:large","max-video-preview":"max-video-preview:-1"},"canonical":"https:\/\/veterinariabyf.com.ar\/petshop\/product\/excellent-gato-urinary\/","og_locale":"es_ES","og_type":"article","og_title":"Excellent Gato Urinary - Cl\u00ednica Veterinaria B&amp;F","og_description":"Purina Excellent Gato Urinary ayuda a mantener el tracto urinario saludable y colaborar en reducir la formaci\u00f3n de cristales en la orina.","og_url":"https:\/\/veterinariabyf.com.ar\/petshop\/product\/excellent-gato-urinary\/","og_site_name":"Cl\u00ednica Veterinaria B&amp;F","article_publisher":"https:\/\/www.facebook.com\/alicanpetshop","article_modified_time":"2025-07-31T21:40:19+00:00","og_image":[{"width":760,"height":760,"url":"https:\/\/veterinariabyf.com.ar\/petshop\/wp-content\/uploads\/2020\/04\/Exellent-gato-urinary.jpg","type":"image\/jpeg"}],"twitter_card":"summary_large_image","twitter_misc":{"Tiempo de lectura":"1 minuto"},"schema":{"@context":"https:\/\/schema.org","@graph":[{"@type":"WebPage","@id":"https:\/\/veterinariabyf.com.ar\/petshop\/product\/excellent-gato-urinary\/","url":"https:\/\/veterinariabyf.com.ar\/petshop\/product\/excellent-gato-urinary\/","name":"Excellent Gato Urinary - Cl\u00ednica Veterinaria B&amp;F","isPartOf":{"@id":"https:\/\/veterinariabyf.com.ar\/petshop\/#website"},"primaryImageOfPage":{"@id":"https:\/\/veterinariabyf.com.ar\/petshop\/product\/excellent-gato-urinary\/#primaryimage"},"image":{"@id":"https:\/\/veterinariabyf.com.ar\/petshop\/product\/excellent-gato-urinary\/#primaryimage"},"thumbnailUrl":"https:\/\/veterinariabyf.com.ar\/petshop\/wp-content\/uploads\/2020\/04\/Exellent-gato-urinary.jpg","datePublished":"2020-04-09T17:20:16+00:00","dateModified":"2025-07-31T21:40:19+00:00","description":"Purina Excellent Gato Urinary ayuda a mantener el tracto urinario saludable y colaborar en reducir la formaci\u00f3n de cristales en la orina.","breadcrumb":{"@id":"https:\/\/veterinariabyf.com.ar\/petshop\/product\/excellent-gato-urinary\/#breadcrumb"},"inLanguage":"es","potentialAction":[{"@type":"ReadAction","target":["https:\/\/veterinariabyf.com.ar\/petshop\/product\/excellent-gato-urinary\/"]}]},{"@type":"ImageObject","inLanguage":"es","@id":"https:\/\/veterinariabyf.com.ar\/petshop\/product\/excellent-gato-urinary\/#primaryimage","url":"https:\/\/veterinariabyf.com.ar\/petshop\/wp-content\/uploads\/2020\/04\/Exellent-gato-urinary.jpg","contentUrl":"https:\/\/veterinariabyf.com.ar\/petshop\/wp-content\/uploads\/2020\/04\/Exellent-gato-urinary.jpg","width":760,"height":760,"caption":"Excellent Gato Urinary"},{"@type":"BreadcrumbList","@id":"https:\/\/veterinariabyf.com.ar\/petshop\/product\/excellent-gato-urinary\/#breadcrumb","itemListElement":[{"@type":"ListItem","position":1,"name":"Portada","item":"https:\/\/veterinariabyf.com.ar\/petshop\/"},{"@type":"ListItem","position":2,"name":"TIENDA","item":"https:\/\/veterinariabyf.com.ar\/petshop\/shop\/"},{"@type":"ListItem","position":3,"name":"Excellent Gato Urinary"}]},{"@type":"WebSite","@id":"https:\/\/veterinariabyf.com.ar\/petshop\/#website","url":"https:\/\/veterinariabyf.com.ar\/petshop\/","name":"Cl\u00ednica Veterinaria B&amp;F","description":"Comprometidos con el bienestar de tu mascota","publisher":{"@id":"https:\/\/veterinariabyf.com.ar\/petshop\/#organization"},"potentialAction":[{"@type":"SearchAction","target":{"@type":"EntryPoint","urlTemplate":"https:\/\/veterinariabyf.com.ar\/petshop\/?s={search_term_string}"},"query-input":{"@type":"PropertyValueSpecification","valueRequired":true,"valueName":"search_term_string"}}],"inLanguage":"es"},{"@type":"Organization","@id":"https:\/\/veterinariabyf.com.ar\/petshop\/#organization","name":"Cl\u00ednica Veterinaria B&amp;F","url":"https:\/\/veterinariabyf.com.ar\/petshop\/","logo":{"@type":"ImageObject","inLanguage":"es","@id":"https:\/\/veterinariabyf.com.ar\/petshop\/#\/schema\/logo\/image\/","url":"https:\/\/veterinariabyf.com.ar\/petshop\/wp-content\/uploads\/2021\/12\/cropped-LOGOPETSHOPchico.png","contentUrl":"https:\/\/veterinariabyf.com.ar\/petshop\/wp-content\/uploads\/2021\/12\/cropped-LOGOPETSHOPchico.png","width":739,"height":306,"caption":"Cl\u00ednica Veterinaria B&amp;F"},"image":{"@id":"https:\/\/veterinariabyf.com.ar\/petshop\/#\/schema\/logo\/image\/"},"sameAs":["https:\/\/www.facebook.com\/alicanpetshop","https:\/\/www.instagram.com\/petshop.alican\/"]}]}},"_links":{"self":[{"href":"https:\/\/veterinariabyf.com.ar\/petshop\/wp-json\/wp\/v2\/product\/220","targetHints":{"allow":["GET"]}}],"collection":[{"href":"https:\/\/veterinariabyf.com.ar\/petshop\/wp-json\/wp\/v2\/product"}],"about":[{"href":"https:\/\/veterinariabyf.com.ar\/petshop\/wp-json\/wp\/v2\/types\/product"}],"replies":[{"embeddable":true,"href":"https:\/\/veterinariabyf.com.ar\/petshop\/wp-json\/wp\/v2\/comments?post=220"}],"wp:featuredmedia":[{"embeddable":true,"href":"https:\/\/veterinariabyf.com.ar\/petshop\/wp-json\/wp\/v2\/media\/222"}],"wp:attachment":[{"href":"https:\/\/veterinariabyf.com.ar\/petshop\/wp-json\/wp\/v2\/media?parent=220"}],"wp:term":[{"taxonomy":"product_brand","embeddable":true,"href":"https:\/\/veterinariabyf.com.ar\/petshop\/wp-json\/wp\/v2\/product_brand?post=220"},{"taxonomy":"product_cat","embeddable":true,"href":"https:\/\/veterinariabyf.com.ar\/petshop\/wp-json\/wp\/v2\/product_cat?post=220"},{"taxonomy":"product_tag","embeddable":true,"href":"https:\/\/veterinariabyf.com.ar\/petshop\/wp-json\/wp\/v2\/product_tag?post=220"}],"curies":[{"name":"wp","href":"https:\/\/api.w.org\/{rel}","templated":true}]}}