{"id":401,"date":"2020-05-15T20:04:05","date_gmt":"2020-05-15T20:04:05","guid":{"rendered":"https:\/\/veterinariabyf.com.ar\/petshop\/?post_type=product&#038;p=401"},"modified":"2025-07-31T20:58:03","modified_gmt":"2025-07-31T20:58:03","slug":"raza-pollo-y-leche","status":"publish","type":"product","link":"https:\/\/veterinariabyf.com.ar\/petshop\/product\/raza-pollo-y-leche\/","title":{"rendered":"Raza Pollo y Leche"},"content":{"rendered":"<p>El delicioso sabor del pollo se complementa con la leche para crear un sabor irresistible. El alimento balanceado para gatos contiene el complejo vitam\u00ednico mineral con Omega 3 y 6<\/p>\n","protected":false},"excerpt":{"rendered":"<p>El delicioso sabor del pollo se complementa con la leche para crear un sabor irresistible. El alimento balanceado para gatos contiene el complejo vitam\u00ednico mineral con Omega 3 y 6<\/p>\n","protected":false},"featured_media":403,"comment_status":"open","ping_status":"closed","template":"","meta":{"_joinchat":[]},"product_brand":[],"product_cat":[28,67],"product_tag":[],"class_list":{"0":"post-401","1":"product","2":"type-product","3":"status-publish","4":"has-post-thumbnail","6":"product_cat-gatos","7":"product_cat-raza","9":"first","10":"instock","11":"shipping-taxable","12":"product-type-variable"},"yoast_head":"<!-- This site is optimized with the Yoast SEO plugin v26.3 - https:\/\/yoast.com\/wordpress\/plugins\/seo\/ -->\n<title>Raza Pollo y Leche - Cl\u00ednica Veterinaria B&amp;F<\/title>\n<meta name=\"description\" content=\"Raza Gato Pollo es un alimento balanceado completo y econ\u00f3mico para gatos adultos, mayores de un a\u00f1o de edad elaborado con pollo y leche\" \/>\n<meta name=\"robots\" content=\"index, follow, max-snippet:-1, max-image-preview:large, max-video-preview:-1\" \/>\n<link rel=\"canonical\" href=\"https:\/\/veterinariabyf.com.ar\/petshop\/product\/raza-pollo-y-leche\/\" \/>\n<meta property=\"og:locale\" content=\"es_ES\" \/>\n<meta property=\"og:type\" content=\"article\" \/>\n<meta property=\"og:title\" content=\"Raza Pollo y Leche - Cl\u00ednica Veterinaria B&amp;F\" \/>\n<meta property=\"og:description\" content=\"Raza Gato Pollo es un alimento balanceado completo y econ\u00f3mico para gatos adultos, mayores de un a\u00f1o de edad elaborado con pollo y leche\" \/>\n<meta property=\"og:url\" content=\"https:\/\/veterinariabyf.com.ar\/petshop\/product\/raza-pollo-y-leche\/\" \/>\n<meta property=\"og:site_name\" content=\"Cl\u00ednica Veterinaria B&amp;F\" \/>\n<meta property=\"article:publisher\" content=\"https:\/\/www.facebook.com\/alicanpetshop\" \/>\n<meta property=\"article:modified_time\" content=\"2025-07-31T20:58:03+00:00\" \/>\n<meta property=\"og:image\" content=\"https:\/\/veterinariabyf.com.ar\/petshop\/wp-content\/uploads\/2020\/05\/polloyleche.jpg\" \/>\n\t<meta property=\"og:image:width\" content=\"760\" \/>\n\t<meta property=\"og:image:height\" content=\"760\" \/>\n\t<meta property=\"og:image:type\" content=\"image\/jpeg\" \/>\n<meta name=\"twitter:card\" content=\"summary_large_image\" \/>\n<meta name=\"twitter:label1\" content=\"Tiempo de lectura\" \/>\n\t<meta name=\"twitter:data1\" content=\"1 minuto\" \/>\n<script type=\"application\/ld+json\" class=\"yoast-schema-graph\">{\"@context\":\"https:\/\/schema.org\",\"@graph\":[{\"@type\":\"WebPage\",\"@id\":\"https:\/\/veterinariabyf.com.ar\/petshop\/product\/raza-pollo-y-leche\/\",\"url\":\"https:\/\/veterinariabyf.com.ar\/petshop\/product\/raza-pollo-y-leche\/\",\"name\":\"Raza Pollo y Leche - Cl\u00ednica Veterinaria B&amp;F\",\"isPartOf\":{\"@id\":\"https:\/\/veterinariabyf.com.ar\/petshop\/#website\"},\"primaryImageOfPage\":{\"@id\":\"https:\/\/veterinariabyf.com.ar\/petshop\/product\/raza-pollo-y-leche\/#primaryimage\"},\"image\":{\"@id\":\"https:\/\/veterinariabyf.com.ar\/petshop\/product\/raza-pollo-y-leche\/#primaryimage\"},\"thumbnailUrl\":\"https:\/\/veterinariabyf.com.ar\/petshop\/wp-content\/uploads\/2020\/05\/polloyleche.jpg\",\"datePublished\":\"2020-05-15T20:04:05+00:00\",\"dateModified\":\"2025-07-31T20:58:03+00:00\",\"description\":\"Raza Gato Pollo es un alimento balanceado completo y econ\u00f3mico para gatos adultos, mayores de un a\u00f1o de edad elaborado con pollo y leche\",\"breadcrumb\":{\"@id\":\"https:\/\/veterinariabyf.com.ar\/petshop\/product\/raza-pollo-y-leche\/#breadcrumb\"},\"inLanguage\":\"es\",\"potentialAction\":[{\"@type\":\"ReadAction\",\"target\":[\"https:\/\/veterinariabyf.com.ar\/petshop\/product\/raza-pollo-y-leche\/\"]}]},{\"@type\":\"ImageObject\",\"inLanguage\":\"es\",\"@id\":\"https:\/\/veterinariabyf.com.ar\/petshop\/product\/raza-pollo-y-leche\/#primaryimage\",\"url\":\"https:\/\/veterinariabyf.com.ar\/petshop\/wp-content\/uploads\/2020\/05\/polloyleche.jpg\",\"contentUrl\":\"https:\/\/veterinariabyf.com.ar\/petshop\/wp-content\/uploads\/2020\/05\/polloyleche.jpg\",\"width\":760,\"height\":760,\"caption\":\"Raza Pollo y Leche\"},{\"@type\":\"BreadcrumbList\",\"@id\":\"https:\/\/veterinariabyf.com.ar\/petshop\/product\/raza-pollo-y-leche\/#breadcrumb\",\"itemListElement\":[{\"@type\":\"ListItem\",\"position\":1,\"name\":\"Portada\",\"item\":\"https:\/\/veterinariabyf.com.ar\/petshop\/\"},{\"@type\":\"ListItem\",\"position\":2,\"name\":\"TIENDA\",\"item\":\"https:\/\/veterinariabyf.com.ar\/petshop\/shop\/\"},{\"@type\":\"ListItem\",\"position\":3,\"name\":\"Raza Pollo y Leche\"}]},{\"@type\":\"WebSite\",\"@id\":\"https:\/\/veterinariabyf.com.ar\/petshop\/#website\",\"url\":\"https:\/\/veterinariabyf.com.ar\/petshop\/\",\"name\":\"Cl\u00ednica Veterinaria B&amp;F\",\"description\":\"Comprometidos con el bienestar de tu mascota\",\"publisher\":{\"@id\":\"https:\/\/veterinariabyf.com.ar\/petshop\/#organization\"},\"potentialAction\":[{\"@type\":\"SearchAction\",\"target\":{\"@type\":\"EntryPoint\",\"urlTemplate\":\"https:\/\/veterinariabyf.com.ar\/petshop\/?s={search_term_string}\"},\"query-input\":{\"@type\":\"PropertyValueSpecification\",\"valueRequired\":true,\"valueName\":\"search_term_string\"}}],\"inLanguage\":\"es\"},{\"@type\":\"Organization\",\"@id\":\"https:\/\/veterinariabyf.com.ar\/petshop\/#organization\",\"name\":\"Cl\u00ednica Veterinaria B&amp;F\",\"url\":\"https:\/\/veterinariabyf.com.ar\/petshop\/\",\"logo\":{\"@type\":\"ImageObject\",\"inLanguage\":\"es\",\"@id\":\"https:\/\/veterinariabyf.com.ar\/petshop\/#\/schema\/logo\/image\/\",\"url\":\"https:\/\/veterinariabyf.com.ar\/petshop\/wp-content\/uploads\/2021\/12\/cropped-LOGOPETSHOPchico.png\",\"contentUrl\":\"https:\/\/veterinariabyf.com.ar\/petshop\/wp-content\/uploads\/2021\/12\/cropped-LOGOPETSHOPchico.png\",\"width\":739,\"height\":306,\"caption\":\"Cl\u00ednica Veterinaria B&amp;F\"},\"image\":{\"@id\":\"https:\/\/veterinariabyf.com.ar\/petshop\/#\/schema\/logo\/image\/\"},\"sameAs\":[\"https:\/\/www.facebook.com\/alicanpetshop\",\"https:\/\/www.instagram.com\/petshop.alican\/\"]}]}<\/script>\n<!-- \/ Yoast SEO plugin. -->","yoast_head_json":{"title":"Raza Pollo y Leche - Cl\u00ednica Veterinaria B&amp;F","description":"Raza Gato Pollo es un alimento balanceado completo y econ\u00f3mico para gatos adultos, mayores de un a\u00f1o de edad elaborado con pollo y leche","robots":{"index":"index","follow":"follow","max-snippet":"max-snippet:-1","max-image-preview":"max-image-preview:large","max-video-preview":"max-video-preview:-1"},"canonical":"https:\/\/veterinariabyf.com.ar\/petshop\/product\/raza-pollo-y-leche\/","og_locale":"es_ES","og_type":"article","og_title":"Raza Pollo y Leche - Cl\u00ednica Veterinaria B&amp;F","og_description":"Raza Gato Pollo es un alimento balanceado completo y econ\u00f3mico para gatos adultos, mayores de un a\u00f1o de edad elaborado con pollo y leche","og_url":"https:\/\/veterinariabyf.com.ar\/petshop\/product\/raza-pollo-y-leche\/","og_site_name":"Cl\u00ednica Veterinaria B&amp;F","article_publisher":"https:\/\/www.facebook.com\/alicanpetshop","article_modified_time":"2025-07-31T20:58:03+00:00","og_image":[{"width":760,"height":760,"url":"https:\/\/veterinariabyf.com.ar\/petshop\/wp-content\/uploads\/2020\/05\/polloyleche.jpg","type":"image\/jpeg"}],"twitter_card":"summary_large_image","twitter_misc":{"Tiempo de lectura":"1 minuto"},"schema":{"@context":"https:\/\/schema.org","@graph":[{"@type":"WebPage","@id":"https:\/\/veterinariabyf.com.ar\/petshop\/product\/raza-pollo-y-leche\/","url":"https:\/\/veterinariabyf.com.ar\/petshop\/product\/raza-pollo-y-leche\/","name":"Raza Pollo y Leche - Cl\u00ednica Veterinaria B&amp;F","isPartOf":{"@id":"https:\/\/veterinariabyf.com.ar\/petshop\/#website"},"primaryImageOfPage":{"@id":"https:\/\/veterinariabyf.com.ar\/petshop\/product\/raza-pollo-y-leche\/#primaryimage"},"image":{"@id":"https:\/\/veterinariabyf.com.ar\/petshop\/product\/raza-pollo-y-leche\/#primaryimage"},"thumbnailUrl":"https:\/\/veterinariabyf.com.ar\/petshop\/wp-content\/uploads\/2020\/05\/polloyleche.jpg","datePublished":"2020-05-15T20:04:05+00:00","dateModified":"2025-07-31T20:58:03+00:00","description":"Raza Gato Pollo es un alimento balanceado completo y econ\u00f3mico para gatos adultos, mayores de un a\u00f1o de edad elaborado con pollo y leche","breadcrumb":{"@id":"https:\/\/veterinariabyf.com.ar\/petshop\/product\/raza-pollo-y-leche\/#breadcrumb"},"inLanguage":"es","potentialAction":[{"@type":"ReadAction","target":["https:\/\/veterinariabyf.com.ar\/petshop\/product\/raza-pollo-y-leche\/"]}]},{"@type":"ImageObject","inLanguage":"es","@id":"https:\/\/veterinariabyf.com.ar\/petshop\/product\/raza-pollo-y-leche\/#primaryimage","url":"https:\/\/veterinariabyf.com.ar\/petshop\/wp-content\/uploads\/2020\/05\/polloyleche.jpg","contentUrl":"https:\/\/veterinariabyf.com.ar\/petshop\/wp-content\/uploads\/2020\/05\/polloyleche.jpg","width":760,"height":760,"caption":"Raza Pollo y Leche"},{"@type":"BreadcrumbList","@id":"https:\/\/veterinariabyf.com.ar\/petshop\/product\/raza-pollo-y-leche\/#breadcrumb","itemListElement":[{"@type":"ListItem","position":1,"name":"Portada","item":"https:\/\/veterinariabyf.com.ar\/petshop\/"},{"@type":"ListItem","position":2,"name":"TIENDA","item":"https:\/\/veterinariabyf.com.ar\/petshop\/shop\/"},{"@type":"ListItem","position":3,"name":"Raza Pollo y Leche"}]},{"@type":"WebSite","@id":"https:\/\/veterinariabyf.com.ar\/petshop\/#website","url":"https:\/\/veterinariabyf.com.ar\/petshop\/","name":"Cl\u00ednica Veterinaria B&amp;F","description":"Comprometidos con el bienestar de tu mascota","publisher":{"@id":"https:\/\/veterinariabyf.com.ar\/petshop\/#organization"},"potentialAction":[{"@type":"SearchAction","target":{"@type":"EntryPoint","urlTemplate":"https:\/\/veterinariabyf.com.ar\/petshop\/?s={search_term_string}"},"query-input":{"@type":"PropertyValueSpecification","valueRequired":true,"valueName":"search_term_string"}}],"inLanguage":"es"},{"@type":"Organization","@id":"https:\/\/veterinariabyf.com.ar\/petshop\/#organization","name":"Cl\u00ednica Veterinaria B&amp;F","url":"https:\/\/veterinariabyf.com.ar\/petshop\/","logo":{"@type":"ImageObject","inLanguage":"es","@id":"https:\/\/veterinariabyf.com.ar\/petshop\/#\/schema\/logo\/image\/","url":"https:\/\/veterinariabyf.com.ar\/petshop\/wp-content\/uploads\/2021\/12\/cropped-LOGOPETSHOPchico.png","contentUrl":"https:\/\/veterinariabyf.com.ar\/petshop\/wp-content\/uploads\/2021\/12\/cropped-LOGOPETSHOPchico.png","width":739,"height":306,"caption":"Cl\u00ednica Veterinaria B&amp;F"},"image":{"@id":"https:\/\/veterinariabyf.com.ar\/petshop\/#\/schema\/logo\/image\/"},"sameAs":["https:\/\/www.facebook.com\/alicanpetshop","https:\/\/www.instagram.com\/petshop.alican\/"]}]}},"_links":{"self":[{"href":"https:\/\/veterinariabyf.com.ar\/petshop\/wp-json\/wp\/v2\/product\/401","targetHints":{"allow":["GET"]}}],"collection":[{"href":"https:\/\/veterinariabyf.com.ar\/petshop\/wp-json\/wp\/v2\/product"}],"about":[{"href":"https:\/\/veterinariabyf.com.ar\/petshop\/wp-json\/wp\/v2\/types\/product"}],"replies":[{"embeddable":true,"href":"https:\/\/veterinariabyf.com.ar\/petshop\/wp-json\/wp\/v2\/comments?post=401"}],"wp:featuredmedia":[{"embeddable":true,"href":"https:\/\/veterinariabyf.com.ar\/petshop\/wp-json\/wp\/v2\/media\/403"}],"wp:attachment":[{"href":"https:\/\/veterinariabyf.com.ar\/petshop\/wp-json\/wp\/v2\/media?parent=401"}],"wp:term":[{"taxonomy":"product_brand","embeddable":true,"href":"https:\/\/veterinariabyf.com.ar\/petshop\/wp-json\/wp\/v2\/product_brand?post=401"},{"taxonomy":"product_cat","embeddable":true,"href":"https:\/\/veterinariabyf.com.ar\/petshop\/wp-json\/wp\/v2\/product_cat?post=401"},{"taxonomy":"product_tag","embeddable":true,"href":"https:\/\/veterinariabyf.com.ar\/petshop\/wp-json\/wp\/v2\/product_tag?post=401"}],"curies":[{"name":"wp","href":"https:\/\/api.w.org\/{rel}","templated":true}]}}