{"id":545,"date":"2020-06-03T15:31:58","date_gmt":"2020-06-03T15:31:58","guid":{"rendered":"https:\/\/veterinariabyf.com.ar\/petshop\/?post_type=product&#038;p=545"},"modified":"2025-07-03T20:22:45","modified_gmt":"2025-07-03T20:22:45","slug":"vital-can-complete-junior","status":"publish","type":"product","link":"https:\/\/veterinariabyf.com.ar\/petshop\/product\/vital-can-complete-junior\/","title":{"rendered":"Vital Can Complete Junior"},"content":{"rendered":"<p>Vitalcan Complete Junior Razas Mediano\/Grande es un alimento indicado para cachorros hasta 12 meses de edad, proporciona \u00f3ptimo crecimiento ya que contiene prote\u00ednas de alta calidad y f\u00e1cil asimilaci\u00f3n y a su vez estimula las defensas.<\/p>\n<p>Contiene el aporte de omega 6, vitamina A, biotina, \u00e1cido pantot\u00e9nico y zinc que aseguran una piel sana, un pelo fuerte, suave y brillante. Tambi\u00e9n las fibras naturales ayudan a mantener el equilibrio de la flora intestinal y favorecen la producci\u00f3n de heces firmes y con menos olor.<\/p>\n","protected":false},"excerpt":{"rendered":"<h4 class=\"medium\">Indicado para perros cachorros de razas medianas y grandes hasta 18 meses<\/h4>\n<p><b>Vitalcan Complete\u00a0<\/b>es ideal para perros cachorros de razas medianas y grandes porque les proporciona:<\/p>\n<ul>\n<li style=\"list-style-type: none\">\n<ul>\n<li><b>\u00d3ptimo crecimiento:<\/b>\u00a0contiene prote\u00ednas de alta calidad y f\u00e1cil asimilaci\u00f3n.<\/li>\n<li><b>Estimulantes de defensas:\u00a0<\/b>incluye nucle\u00f3tidos de levadura que estimula las defensas.<\/li>\n<li><b>Pelo brillante:<\/b>\u00a0el aporte de Omega 6, vitamina A, biotina, \u00e1cido pantot\u00e9nico y zinc asegura una piel sana y un pelo fuerte, suave y brillante.<\/li>\n<li><b>Heces m\u00e1s firmes:<\/b>\u00a0los prebi\u00f3ticos ayudan a mantener el equilibrio de la flora\u00a0intestinal, mientras que la adici\u00f3n de zeolita y Yucca schidigera favorece\u00a0la producci\u00f3n de heces m\u00e1s firmes y con menos olor.<\/li>\n<li>Posee niveles adecuados de grasa a fin de evitar el sobrepeso. Esto ayuda al cuidado de huesos y articulaciones del cachorro en crecimiento.<\/li>\n<\/ul>\n<\/li>\n<\/ul>\n<p> <a class=\"more-link\" href=\"https:\/\/veterinariabyf.com.ar\/petshop\/product\/vital-can-complete-junior\/\">Leer m\u00e1s<\/a><\/p>","protected":false},"featured_media":547,"comment_status":"open","ping_status":"closed","template":"","meta":{"_joinchat":[]},"product_brand":[],"product_cat":[29,52],"product_tag":[],"class_list":{"0":"post-545","1":"product","2":"type-product","3":"status-publish","4":"has-post-thumbnail","6":"product_cat-perros","7":"product_cat-vital-can-perros","9":"first","10":"instock","11":"shipping-taxable","12":"product-type-variable"},"yoast_head":"<!-- This site is optimized with the Yoast SEO plugin v26.3 - https:\/\/yoast.com\/wordpress\/plugins\/seo\/ -->\n<title>Vital Can Complete Junior - Cl\u00ednica Veterinaria B&amp;F<\/title>\n<meta name=\"description\" content=\"Vital Can Complete Junior para cachorros hasta 18 meses de edad. \u00d3ptimo crecimiento; Estimulantes de defensas; El pelo brillante; Las heces m\u00e1s firmes.\" \/>\n<meta name=\"robots\" content=\"index, follow, max-snippet:-1, max-image-preview:large, max-video-preview:-1\" \/>\n<link rel=\"canonical\" href=\"https:\/\/veterinariabyf.com.ar\/petshop\/product\/vital-can-complete-junior\/\" \/>\n<meta property=\"og:locale\" content=\"es_ES\" \/>\n<meta property=\"og:type\" content=\"article\" \/>\n<meta property=\"og:title\" content=\"Vital Can Complete Junior - Cl\u00ednica Veterinaria B&amp;F\" \/>\n<meta property=\"og:description\" content=\"Vital Can Complete Junior para cachorros hasta 18 meses de edad. \u00d3ptimo crecimiento; Estimulantes de defensas; El pelo brillante; Las heces m\u00e1s firmes.\" \/>\n<meta property=\"og:url\" content=\"https:\/\/veterinariabyf.com.ar\/petshop\/product\/vital-can-complete-junior\/\" \/>\n<meta property=\"og:site_name\" content=\"Cl\u00ednica Veterinaria B&amp;F\" \/>\n<meta property=\"article:publisher\" content=\"https:\/\/www.facebook.com\/alicanpetshop\" \/>\n<meta property=\"article:modified_time\" content=\"2025-07-03T20:22:45+00:00\" \/>\n<meta property=\"og:image\" content=\"https:\/\/veterinariabyf.com.ar\/petshop\/wp-content\/uploads\/2020\/06\/Vital-Can-Complete-Junior.jpg\" \/>\n\t<meta property=\"og:image:width\" content=\"760\" \/>\n\t<meta property=\"og:image:height\" content=\"760\" \/>\n\t<meta property=\"og:image:type\" content=\"image\/jpeg\" \/>\n<meta name=\"twitter:card\" content=\"summary_large_image\" \/>\n<script type=\"application\/ld+json\" class=\"yoast-schema-graph\">{\"@context\":\"https:\/\/schema.org\",\"@graph\":[{\"@type\":\"WebPage\",\"@id\":\"https:\/\/veterinariabyf.com.ar\/petshop\/product\/vital-can-complete-junior\/\",\"url\":\"https:\/\/veterinariabyf.com.ar\/petshop\/product\/vital-can-complete-junior\/\",\"name\":\"Vital Can Complete Junior - Cl\u00ednica Veterinaria B&amp;F\",\"isPartOf\":{\"@id\":\"https:\/\/veterinariabyf.com.ar\/petshop\/#website\"},\"primaryImageOfPage\":{\"@id\":\"https:\/\/veterinariabyf.com.ar\/petshop\/product\/vital-can-complete-junior\/#primaryimage\"},\"image\":{\"@id\":\"https:\/\/veterinariabyf.com.ar\/petshop\/product\/vital-can-complete-junior\/#primaryimage\"},\"thumbnailUrl\":\"https:\/\/veterinariabyf.com.ar\/petshop\/wp-content\/uploads\/2020\/06\/Vital-Can-Complete-Junior.jpg\",\"datePublished\":\"2020-06-03T15:31:58+00:00\",\"dateModified\":\"2025-07-03T20:22:45+00:00\",\"description\":\"Vital Can Complete Junior para cachorros hasta 18 meses de edad. \u00d3ptimo crecimiento; Estimulantes de defensas; El pelo brillante; Las heces m\u00e1s firmes.\",\"breadcrumb\":{\"@id\":\"https:\/\/veterinariabyf.com.ar\/petshop\/product\/vital-can-complete-junior\/#breadcrumb\"},\"inLanguage\":\"es\",\"potentialAction\":[{\"@type\":\"ReadAction\",\"target\":[\"https:\/\/veterinariabyf.com.ar\/petshop\/product\/vital-can-complete-junior\/\"]}]},{\"@type\":\"ImageObject\",\"inLanguage\":\"es\",\"@id\":\"https:\/\/veterinariabyf.com.ar\/petshop\/product\/vital-can-complete-junior\/#primaryimage\",\"url\":\"https:\/\/veterinariabyf.com.ar\/petshop\/wp-content\/uploads\/2020\/06\/Vital-Can-Complete-Junior.jpg\",\"contentUrl\":\"https:\/\/veterinariabyf.com.ar\/petshop\/wp-content\/uploads\/2020\/06\/Vital-Can-Complete-Junior.jpg\",\"width\":760,\"height\":760,\"caption\":\"Vital Can Complete Junior\"},{\"@type\":\"BreadcrumbList\",\"@id\":\"https:\/\/veterinariabyf.com.ar\/petshop\/product\/vital-can-complete-junior\/#breadcrumb\",\"itemListElement\":[{\"@type\":\"ListItem\",\"position\":1,\"name\":\"Portada\",\"item\":\"https:\/\/veterinariabyf.com.ar\/petshop\/\"},{\"@type\":\"ListItem\",\"position\":2,\"name\":\"TIENDA\",\"item\":\"https:\/\/veterinariabyf.com.ar\/petshop\/shop\/\"},{\"@type\":\"ListItem\",\"position\":3,\"name\":\"Vital Can Complete Junior\"}]},{\"@type\":\"WebSite\",\"@id\":\"https:\/\/veterinariabyf.com.ar\/petshop\/#website\",\"url\":\"https:\/\/veterinariabyf.com.ar\/petshop\/\",\"name\":\"Cl\u00ednica Veterinaria B&amp;F\",\"description\":\"Comprometidos con el bienestar de tu mascota\",\"publisher\":{\"@id\":\"https:\/\/veterinariabyf.com.ar\/petshop\/#organization\"},\"potentialAction\":[{\"@type\":\"SearchAction\",\"target\":{\"@type\":\"EntryPoint\",\"urlTemplate\":\"https:\/\/veterinariabyf.com.ar\/petshop\/?s={search_term_string}\"},\"query-input\":{\"@type\":\"PropertyValueSpecification\",\"valueRequired\":true,\"valueName\":\"search_term_string\"}}],\"inLanguage\":\"es\"},{\"@type\":\"Organization\",\"@id\":\"https:\/\/veterinariabyf.com.ar\/petshop\/#organization\",\"name\":\"Cl\u00ednica Veterinaria B&amp;F\",\"url\":\"https:\/\/veterinariabyf.com.ar\/petshop\/\",\"logo\":{\"@type\":\"ImageObject\",\"inLanguage\":\"es\",\"@id\":\"https:\/\/veterinariabyf.com.ar\/petshop\/#\/schema\/logo\/image\/\",\"url\":\"https:\/\/veterinariabyf.com.ar\/petshop\/wp-content\/uploads\/2021\/12\/cropped-LOGOPETSHOPchico.png\",\"contentUrl\":\"https:\/\/veterinariabyf.com.ar\/petshop\/wp-content\/uploads\/2021\/12\/cropped-LOGOPETSHOPchico.png\",\"width\":739,\"height\":306,\"caption\":\"Cl\u00ednica Veterinaria B&amp;F\"},\"image\":{\"@id\":\"https:\/\/veterinariabyf.com.ar\/petshop\/#\/schema\/logo\/image\/\"},\"sameAs\":[\"https:\/\/www.facebook.com\/alicanpetshop\",\"https:\/\/www.instagram.com\/petshop.alican\/\"]}]}<\/script>\n<!-- \/ Yoast SEO plugin. -->","yoast_head_json":{"title":"Vital Can Complete Junior - Cl\u00ednica Veterinaria B&amp;F","description":"Vital Can Complete Junior para cachorros hasta 18 meses de edad. \u00d3ptimo crecimiento; Estimulantes de defensas; El pelo brillante; Las heces m\u00e1s firmes.","robots":{"index":"index","follow":"follow","max-snippet":"max-snippet:-1","max-image-preview":"max-image-preview:large","max-video-preview":"max-video-preview:-1"},"canonical":"https:\/\/veterinariabyf.com.ar\/petshop\/product\/vital-can-complete-junior\/","og_locale":"es_ES","og_type":"article","og_title":"Vital Can Complete Junior - Cl\u00ednica Veterinaria B&amp;F","og_description":"Vital Can Complete Junior para cachorros hasta 18 meses de edad. \u00d3ptimo crecimiento; Estimulantes de defensas; El pelo brillante; Las heces m\u00e1s firmes.","og_url":"https:\/\/veterinariabyf.com.ar\/petshop\/product\/vital-can-complete-junior\/","og_site_name":"Cl\u00ednica Veterinaria B&amp;F","article_publisher":"https:\/\/www.facebook.com\/alicanpetshop","article_modified_time":"2025-07-03T20:22:45+00:00","og_image":[{"width":760,"height":760,"url":"https:\/\/veterinariabyf.com.ar\/petshop\/wp-content\/uploads\/2020\/06\/Vital-Can-Complete-Junior.jpg","type":"image\/jpeg"}],"twitter_card":"summary_large_image","schema":{"@context":"https:\/\/schema.org","@graph":[{"@type":"WebPage","@id":"https:\/\/veterinariabyf.com.ar\/petshop\/product\/vital-can-complete-junior\/","url":"https:\/\/veterinariabyf.com.ar\/petshop\/product\/vital-can-complete-junior\/","name":"Vital Can Complete Junior - Cl\u00ednica Veterinaria B&amp;F","isPartOf":{"@id":"https:\/\/veterinariabyf.com.ar\/petshop\/#website"},"primaryImageOfPage":{"@id":"https:\/\/veterinariabyf.com.ar\/petshop\/product\/vital-can-complete-junior\/#primaryimage"},"image":{"@id":"https:\/\/veterinariabyf.com.ar\/petshop\/product\/vital-can-complete-junior\/#primaryimage"},"thumbnailUrl":"https:\/\/veterinariabyf.com.ar\/petshop\/wp-content\/uploads\/2020\/06\/Vital-Can-Complete-Junior.jpg","datePublished":"2020-06-03T15:31:58+00:00","dateModified":"2025-07-03T20:22:45+00:00","description":"Vital Can Complete Junior para cachorros hasta 18 meses de edad. \u00d3ptimo crecimiento; Estimulantes de defensas; El pelo brillante; Las heces m\u00e1s firmes.","breadcrumb":{"@id":"https:\/\/veterinariabyf.com.ar\/petshop\/product\/vital-can-complete-junior\/#breadcrumb"},"inLanguage":"es","potentialAction":[{"@type":"ReadAction","target":["https:\/\/veterinariabyf.com.ar\/petshop\/product\/vital-can-complete-junior\/"]}]},{"@type":"ImageObject","inLanguage":"es","@id":"https:\/\/veterinariabyf.com.ar\/petshop\/product\/vital-can-complete-junior\/#primaryimage","url":"https:\/\/veterinariabyf.com.ar\/petshop\/wp-content\/uploads\/2020\/06\/Vital-Can-Complete-Junior.jpg","contentUrl":"https:\/\/veterinariabyf.com.ar\/petshop\/wp-content\/uploads\/2020\/06\/Vital-Can-Complete-Junior.jpg","width":760,"height":760,"caption":"Vital Can Complete Junior"},{"@type":"BreadcrumbList","@id":"https:\/\/veterinariabyf.com.ar\/petshop\/product\/vital-can-complete-junior\/#breadcrumb","itemListElement":[{"@type":"ListItem","position":1,"name":"Portada","item":"https:\/\/veterinariabyf.com.ar\/petshop\/"},{"@type":"ListItem","position":2,"name":"TIENDA","item":"https:\/\/veterinariabyf.com.ar\/petshop\/shop\/"},{"@type":"ListItem","position":3,"name":"Vital Can Complete Junior"}]},{"@type":"WebSite","@id":"https:\/\/veterinariabyf.com.ar\/petshop\/#website","url":"https:\/\/veterinariabyf.com.ar\/petshop\/","name":"Cl\u00ednica Veterinaria B&amp;F","description":"Comprometidos con el bienestar de tu mascota","publisher":{"@id":"https:\/\/veterinariabyf.com.ar\/petshop\/#organization"},"potentialAction":[{"@type":"SearchAction","target":{"@type":"EntryPoint","urlTemplate":"https:\/\/veterinariabyf.com.ar\/petshop\/?s={search_term_string}"},"query-input":{"@type":"PropertyValueSpecification","valueRequired":true,"valueName":"search_term_string"}}],"inLanguage":"es"},{"@type":"Organization","@id":"https:\/\/veterinariabyf.com.ar\/petshop\/#organization","name":"Cl\u00ednica Veterinaria B&amp;F","url":"https:\/\/veterinariabyf.com.ar\/petshop\/","logo":{"@type":"ImageObject","inLanguage":"es","@id":"https:\/\/veterinariabyf.com.ar\/petshop\/#\/schema\/logo\/image\/","url":"https:\/\/veterinariabyf.com.ar\/petshop\/wp-content\/uploads\/2021\/12\/cropped-LOGOPETSHOPchico.png","contentUrl":"https:\/\/veterinariabyf.com.ar\/petshop\/wp-content\/uploads\/2021\/12\/cropped-LOGOPETSHOPchico.png","width":739,"height":306,"caption":"Cl\u00ednica Veterinaria B&amp;F"},"image":{"@id":"https:\/\/veterinariabyf.com.ar\/petshop\/#\/schema\/logo\/image\/"},"sameAs":["https:\/\/www.facebook.com\/alicanpetshop","https:\/\/www.instagram.com\/petshop.alican\/"]}]}},"_links":{"self":[{"href":"https:\/\/veterinariabyf.com.ar\/petshop\/wp-json\/wp\/v2\/product\/545","targetHints":{"allow":["GET"]}}],"collection":[{"href":"https:\/\/veterinariabyf.com.ar\/petshop\/wp-json\/wp\/v2\/product"}],"about":[{"href":"https:\/\/veterinariabyf.com.ar\/petshop\/wp-json\/wp\/v2\/types\/product"}],"replies":[{"embeddable":true,"href":"https:\/\/veterinariabyf.com.ar\/petshop\/wp-json\/wp\/v2\/comments?post=545"}],"wp:featuredmedia":[{"embeddable":true,"href":"https:\/\/veterinariabyf.com.ar\/petshop\/wp-json\/wp\/v2\/media\/547"}],"wp:attachment":[{"href":"https:\/\/veterinariabyf.com.ar\/petshop\/wp-json\/wp\/v2\/media?parent=545"}],"wp:term":[{"taxonomy":"product_brand","embeddable":true,"href":"https:\/\/veterinariabyf.com.ar\/petshop\/wp-json\/wp\/v2\/product_brand?post=545"},{"taxonomy":"product_cat","embeddable":true,"href":"https:\/\/veterinariabyf.com.ar\/petshop\/wp-json\/wp\/v2\/product_cat?post=545"},{"taxonomy":"product_tag","embeddable":true,"href":"https:\/\/veterinariabyf.com.ar\/petshop\/wp-json\/wp\/v2\/product_tag?post=545"}],"curies":[{"name":"wp","href":"https:\/\/api.w.org\/{rel}","templated":true}]}}